{"id":5286,"date":"2025-05-28T12:55:31","date_gmt":"2025-05-28T09:55:31","guid":{"rendered":"https:\/\/tgrupcam.com\/index.php\/chemische-verharding\/"},"modified":"2025-06-04T14:59:38","modified_gmt":"2025-06-04T11:59:38","slug":"chemische-verharding","status":"publish","type":"page","link":"https:\/\/tgrupcam.com\/index.php\/chemische-verharding\/?lang=nl","title":{"rendered":"Chemische verharding"},"content":{"rendered":"\t\t<div data-elementor-type=\"wp-page\" data-elementor-id=\"5286\" class=\"elementor elementor-5286 elementor-3584\" data-elementor-post-type=\"page\">\n\t\t\t\t<div class=\"elementor-element elementor-element-79c9af8 e-con-full e-flex e-con e-parent\" data-id=\"79c9af8\" data-element_type=\"container\" data-e-type=\"container\" data-settings=\"{&quot;background_background&quot;:&quot;classic&quot;,&quot;shape_divider_bottom&quot;:&quot;opacity-fan&quot;}\">\n\t\t\t\t<div class=\"elementor-shape elementor-shape-bottom\" aria-hidden=\"true\" data-negative=\"false\">\n\t\t\t<svg xmlns=\"http:\/\/www.w3.org\/2000\/svg\" viewBox=\"0 0 283.5 19.6\" preserveAspectRatio=\"none\">\n\t<path class=\"elementor-shape-fill\" style=\"opacity:0.33\" d=\"M0 0L0 18.8 141.8 4.1 283.5 18.8 283.5 0z\"\/>\n\t<path class=\"elementor-shape-fill\" style=\"opacity:0.33\" d=\"M0 0L0 12.6 141.8 4 283.5 12.6 283.5 0z\"\/>\n\t<path class=\"elementor-shape-fill\" style=\"opacity:0.33\" d=\"M0 0L0 6.4 141.8 4 283.5 6.4 283.5 0z\"\/>\n\t<path class=\"elementor-shape-fill\" d=\"M0 0L0 1.2 141.8 4 283.5 1.2 283.5 0z\"\/>\n<\/svg>\t\t<\/div>\n\t\t\t\t<div class=\"elementor-element elementor-element-d85c1e5 elementor-widget elementor-widget-heading\" data-id=\"d85c1e5\" data-element_type=\"widget\" data-e-type=\"widget\" data-widget_type=\"heading.default\">\n\t\t\t\t<div class=\"elementor-widget-container\">\n\t\t\t\t\t<h2 class=\"elementor-heading-title elementor-size-default\">Chemische verharding<\/h2>\t\t\t\t<\/div>\n\t\t\t\t<\/div>\n\t\t\t\t<\/div>\n\t\t<div class=\"elementor-element elementor-element-2cc499d e-flex e-con-boxed e-con e-parent\" data-id=\"2cc499d\" data-element_type=\"container\" data-e-type=\"container\">\n\t\t\t\t\t<div class=\"e-con-inner\">\n\t\t\t\t<div class=\"elementor-element elementor-element-4eeebef elementor-widget elementor-widget-heading\" data-id=\"4eeebef\" data-element_type=\"widget\" data-e-type=\"widget\" data-widget_type=\"heading.default\">\n\t\t\t\t<div class=\"elementor-widget-container\">\n\t\t\t\t\t<h2 class=\"elementor-heading-title elementor-size-default\">Chemische verharding<\/h2>\t\t\t\t<\/div>\n\t\t\t\t<\/div>\n\t\t\t\t<div class=\"elementor-element elementor-element-96ca51e elementor-widget elementor-widget-text-editor\" data-id=\"96ca51e\" data-element_type=\"widget\" data-e-type=\"widget\" data-widget_type=\"text-editor.default\">\n\t\t\t\t<div class=\"elementor-widget-container\">\n\t\t\t\t\t\t\t\t\t<p data-start=\"53\" data-end=\"469\">Bij <strong data-start=\"56\" data-end=\"70\">T Grup Cam<\/strong> streven we ernaar om <strong data-start=\"103\" data-end=\"132\">glas van uitzonderlijke kwaliteit<\/strong> te leveren dat voldoet aan de hoge verwachtingen van onze klanten in de architectuur-, automobiel-, maritieme en high-performance designindustrie. Onze <strong data-start=\"267\" data-end=\"301\">chemische verhardingstechnologie<\/strong> biedt een hoogwaardige oplossing voor projecten die <strong data-start=\"353\" data-end=\"408\">superieure optische helderheid, sterkte en betrouwbaarheid<\/strong> vereisen, die de mogelijkheden van traditionele thermische verharding overstijgen.<\/p>\n<p data-start=\"471\" data-end=\"719\">In tegenstelling tot thermisch gehard glas, dat <strong data-start=\"520\" data-end=\"571\">vervormingen, lokale schaduwen of kleurvariaties<\/strong> kan vertonen, behoudt ons <strong data-start=\"577\" data-end=\"607\">chemisch gehard glas<\/strong> <strong data-start=\"618\" data-end=\"648\">perfecte visuele consistentie<\/strong> &#8211; ideaal voor toepassingen waar <strong data-start=\"678\" data-end=\"700\">optische perfectie<\/strong> ononderhandelbaar is.<\/p>\n\t\t\t\t\t\t\t\t<\/div>\n\t\t\t\t<\/div>\n\t\t\t\t\t<\/div>\n\t\t\t\t<\/div>\n\t\t<div class=\"elementor-element elementor-element-cf186d8 e-flex e-con-boxed e-con e-parent\" data-id=\"cf186d8\" data-element_type=\"container\" data-e-type=\"container\" data-settings=\"{&quot;background_background&quot;:&quot;classic&quot;}\">\n\t\t\t\t\t<div class=\"e-con-inner\">\n\t\t\t\t<div class=\"elementor-element elementor-element-46d732c elementor-widget elementor-widget-heading\" data-id=\"46d732c\" data-element_type=\"widget\" data-e-type=\"widget\" data-widget_type=\"heading.default\">\n\t\t\t\t<div class=\"elementor-widget-container\">\n\t\t\t\t\t<h2 class=\"elementor-heading-title elementor-size-default\">Wat is chemische taaiheid?<\/h2>\t\t\t\t<\/div>\n\t\t\t\t<\/div>\n\t\t\t\t<div class=\"elementor-element elementor-element-3e76596 elementor-widget elementor-widget-text-editor\" data-id=\"3e76596\" data-element_type=\"widget\" data-e-type=\"widget\" data-widget_type=\"text-editor.default\">\n\t\t\t\t<div class=\"elementor-widget-container\">\n\t\t\t\t\t\t\t\t\t<p data-start=\"766\" data-end=\"1092\"><strong data-start=\"766\" data-end=\"789\">Chemisch versterken<\/strong> is een geavanceerd glasversterkingsproces dat is gebaseerd op <strong data-start=\"842\" data-end=\"858\">ionenuitwisseling<\/strong>. Hierdoor worden zowel de <strong data-start=\"879\" data-end=\"899\">oppervlaktesterkte<\/strong> als de <strong data-start=\"904\" data-end=\"926\">thermische weerstand<\/strong> van het glas verbeterd zonder het uiterlijk te veranderen. Dit maakt het ideaal voor <strong data-start=\"997\" data-end=\"1091\">esthetische architecturale toepassingen, elektronische displays en gespecialiseerde beglazingssystemen<\/strong>.<\/p>\n<p data-start=\"1094\" data-end=\"1117\"><strong data-start=\"1099\" data-end=\"1115\">Hoe het werkt<\/strong><\/p>\n<ol data-start=\"1118\" data-end=\"1933\">\n<li data-start=\"1118\" data-end=\"1211\">\n<p data-start=\"1121\" data-end=\"1211\"><strong data-start=\"1121\" data-end=\"1136\">Voorbereiding<\/strong> \u2013 Het glas wordt zorgvuldig gereinigd om een \u200b\u200bschoon oppervlak te garanderen.<\/p>\n<\/li>\n<li data-start=\"1212\" data-end=\"1523\">\n<p data-start=\"1215\" data-end=\"1322\"><strong data-start=\"1215\" data-end=\"1231\">Ionenuitwisseling<\/strong> \u2013 Glas wordt ondergedompeld in een <strong data-start=\"1257\" data-end=\"1297\">hoogzuiver kaliumnitraat (KNO\u2083)<\/strong>-bad bij <strong data-start=\"1306\" data-end=\"1319\">380\u2013450 \u00b0C<\/strong>.<\/p>\n<ul data-start=\"1326\" data-end=\"1523\">\n<li data-start=\"1326\" data-end=\"1428\">\n<p data-start=\"1328\" data-end=\"1428\"><strong data-start=\"1328\" data-end=\"1357\">Kleinere natriumionen (Na\u207a)<\/strong> in het glasoppervlak worden <strong data-start=\"1383\" data-end=\"1425\">vervangen door grotere kaliumnitraationen<\/strong>. ionen (K\u207a)<\/strong>.<\/p>\n<\/li>\n<li data-start=\"1432\" data-end=\"1523\">\n<p data-start=\"1434\" data-end=\"1523\">Deze uitwisseling cre\u00ebert <strong data-start=\"1456\" data-end=\"1478\">drukspanning<\/strong> op de oppervlaktelaag, waardoor de sterkte toeneemt.<\/p>\n<\/li>\n<\/ul>\n<\/li>\n<li data-start=\"1524\" data-end=\"1679\">\n<p data-start=\"1527\" data-end=\"1679\"><strong data-start=\"1527\" data-end=\"1553\">Vorming van spanningslaag<\/strong> \u2013 De ionenuitwisseling vormt een versterkte laag tot <strong data-start=\"1603\" data-end=\"1623\">100 micron diep<\/strong>, waardoor de weerstand tegen scheuren en stoten aanzienlijk wordt verbeterd.<\/p>\n<\/li>\n<li data-start=\"1680\" data-end=\"1786\">\n<p data-start=\"1683\" data-end=\"1786\"><strong data-start=\"1683\" data-end=\"1705\">Gecontroleerde koeling<\/strong> \u2013 Het glas wordt geleidelijk afgekoeld om de integriteit van de stresslaag te behouden.<\/p>\n<\/li>\n<li data-start=\"1787\" data-end=\"1933\">\n<p data-start=\"1790\" data-end=\"1933\"><strong data-start=\"1790\" data-end=\"1810\">Eindcontrole<\/strong> \u2013 Elke ruit onder<\/p>\n<\/li>\n<\/ol>\n\t\t\t\t\t\t\t\t<\/div>\n\t\t\t\t<\/div>\n\t\t\t\t\t<\/div>\n\t\t\t\t<\/div>\n\t\t<div class=\"elementor-element elementor-element-8e4fd01 e-flex e-con-boxed e-con e-parent\" data-id=\"8e4fd01\" data-element_type=\"container\" data-e-type=\"container\">\n\t\t\t\t\t<div class=\"e-con-inner\">\n\t\t\t\t<div class=\"elementor-element elementor-element-c87e9f2 elementor-widget elementor-widget-heading\" data-id=\"c87e9f2\" data-element_type=\"widget\" data-e-type=\"widget\" data-widget_type=\"heading.default\">\n\t\t\t\t<div class=\"elementor-widget-container\">\n\t\t\t\t\t<h2 class=\"elementor-heading-title elementor-size-default\">Waarom kiezen voor chemische versteviging?<\/h2>\t\t\t\t<\/div>\n\t\t\t\t<\/div>\n\t\t\t\t<div class=\"elementor-element elementor-element-1ad67cb elementor-widget elementor-widget-text-editor\" data-id=\"1ad67cb\" data-element_type=\"widget\" data-e-type=\"widget\" data-widget_type=\"text-editor.default\">\n\t\t\t\t<div class=\"elementor-widget-container\">\n\t\t\t\t\t\t\t\t\t<p data-start=\"53\" data-end=\"469\">\u2705 <strong data-start=\"1985\" data-end=\"2013\">Superieure optische helderheid<\/strong> \u2013 Geen kromtrekken, kleurverandering of rolgolfvervorming zoals bij thermische verharding.<br data-start=\"2096\" data-end=\"2099\" \/>\u2705 <strong data-start=\"2101\" data-end=\"2130\">Verbeterde oppervlaktesterkte<\/strong> \u2013 Betere weerstand tegen krassen, stoten en mechanische belasting.<br data-start=\"2197\" data-end=\"2200\" \/>\u2705 <strong data-start=\"2202\" data-end=\"2239\">Verbeterde thermische schokbestendigheid<\/strong> \u2013 Ideaal voor omgevingen met temperatuurschommelingen.<br data-start=\"2295\" data-end=\"2298\" \/>\u2705 <strong data-start=\"2300\" data-end=\"2320\">Veiligheidsvoordeel<\/strong> \u2013 Breekt in minder gevaarlijke, korrelige fragmenten.<br data-start=\"2370\" data-end=\"2373\" \/>\u2705 <strong data-start=\"2375\" data-end=\"2413\">Perfect voor dun en speciaal glas<\/strong> \u2013 Maakt het mogelijk om glas zo dun als <strong data-start=\"2455\" data-end=\"2463\">2 mm<\/strong> te harden, wat niet mogelijk is met thermische processen.<\/p>\n\t\t\t\t\t\t\t\t<\/div>\n\t\t\t\t<\/div>\n\t\t\t\t\t<\/div>\n\t\t\t\t<\/div>\n\t\t<div class=\"elementor-element elementor-element-2ae6d74 e-flex e-con-boxed e-con e-parent\" data-id=\"2ae6d74\" data-element_type=\"container\" data-e-type=\"container\" data-settings=\"{&quot;background_background&quot;:&quot;classic&quot;}\">\n\t\t\t\t\t<div class=\"e-con-inner\">\n\t\t\t\t<div class=\"elementor-element elementor-element-5f0bd9c elementor-widget elementor-widget-heading\" data-id=\"5f0bd9c\" data-element_type=\"widget\" data-e-type=\"widget\" data-widget_type=\"heading.default\">\n\t\t\t\t<div class=\"elementor-widget-container\">\n\t\t\t\t\t<h2 class=\"elementor-heading-title elementor-size-default\">Aangepaste chemische bestendigheid voor aangepaste formaten<\/h2>\t\t\t\t<\/div>\n\t\t\t\t<\/div>\n\t\t\t\t<div class=\"elementor-element elementor-element-259ae8a elementor-widget elementor-widget-text-editor\" data-id=\"259ae8a\" data-element_type=\"widget\" data-e-type=\"widget\" data-widget_type=\"text-editor.default\">\n\t\t\t\t<div class=\"elementor-widget-container\">\n\t\t\t\t\t\t\t\t\t<p data-start=\"766\" data-end=\"1092\">Wij bieden met trots <strong data-start=\"2605\" data-end=\"2654\">chemische verharding als persoonlijke service<\/strong> aan voor <strong data-start=\"2659\" data-end=\"2689\">glas dat eigendom is van de klant (COG)<\/strong>. Ons eigen <strong data-start=\"2704\" data-end=\"2745\">geavanceerde chemische badsysteem<\/strong> is geschikt voor glasformaten tot <strong data-start=\"2780\" data-end=\"2802\">8,00 x 3,21 meter<\/strong>. Daarmee zijn wij een van de weinige aanbieders in de regio die <strong data-start=\"2864\" data-end=\"2909\">grootformaat en speciaal glas<\/strong> met <strong data-start=\"2915\" data-end=\"2940\">precisie van wereldklasse<\/strong> kunnen verwerken.<\/p>\n\t\t\t\t\t\t\t\t<\/div>\n\t\t\t\t<\/div>\n\t\t\t\t\t<\/div>\n\t\t\t\t<\/div>\n\t\t<div class=\"elementor-element elementor-element-2181cc8 e-flex e-con-boxed e-con e-parent\" data-id=\"2181cc8\" data-element_type=\"container\" data-e-type=\"container\">\n\t\t\t\t\t<div class=\"e-con-inner\">\n\t\t<div class=\"elementor-element elementor-element-e8bbdb3 e-con-full e-flex e-con e-child\" data-id=\"e8bbdb3\" data-element_type=\"container\" data-e-type=\"container\">\n\t\t\t\t<div class=\"elementor-element elementor-element-e435af1 elementor-widget elementor-widget-heading\" data-id=\"e435af1\" data-element_type=\"widget\" data-e-type=\"widget\" data-widget_type=\"heading.default\">\n\t\t\t\t<div class=\"elementor-widget-container\">\n\t\t\t\t\t<h2 class=\"elementor-heading-title elementor-size-default\">Toepassingen<\/h2>\t\t\t\t<\/div>\n\t\t\t\t<\/div>\n\t\t\t\t<div class=\"elementor-element elementor-element-ad043d1 elementor-widget elementor-widget-text-editor\" data-id=\"ad043d1\" data-element_type=\"widget\" data-e-type=\"widget\" data-widget_type=\"text-editor.default\">\n\t\t\t\t<div class=\"elementor-widget-container\">\n\t\t\t\t\t\t\t\t\t<ul>\n<li data-start=\"2971\" data-end=\"3009\">\n<p data-start=\"2973\" data-end=\"3009\">High-end <strong data-start=\"2982\" data-end=\"3007\">architectonische gevels<\/strong><\/p>\n<\/li>\n<li data-start=\"3010\" data-end=\"3052\">\n<p data-start=\"3012\" data-end=\"3052\"><strong data-start=\"3012\" data-end=\"3027\">Balustrades<\/strong> en structurele beglazing<\/p>\n<\/li>\n<li data-start=\"3053\" data-end=\"3085\">\n<p data-start=\"3055\" data-end=\"3085\"><strong data-start=\"3055\" data-end=\"3083\">Ramen voor schepen en jachten<\/strong><\/p>\n<\/li>\n<li data-start=\"3086\" data-end=\"3146\">\n<p data-start=\"3088\" data-end=\"3146\"><strong data-start=\"3088\" data-end=\"3109\">Douchecabines<\/strong> en <strong data-start=\"3114\" data-end=\"3144\">gebogen glasinstallaties<\/strong><\/p>\n<\/li>\n<li data-start=\"3147\" data-end=\"3211\">\n<p data-start=\"3149\" data-end=\"3211\"><strong data-start=\"3149\" data-end=\"3165\">Touchscreens<\/strong>, elektronica en hoogwaardige displaypanelen<\/p>\n<\/li>\n<li data-start=\"3212\" data-end=\"3268\">\n<p data-start=\"3214\" data-end=\"3268\"><strong data-start=\"3214\" data-end=\"3233\">Meubelglas<\/strong>, tafels en decoratieve elementen<\/p>\n<\/li>\n<\/ul>\n\t\t\t\t\t\t\t\t<\/div>\n\t\t\t\t<\/div>\n\t\t\t\t<\/div>\n\t\t<div class=\"elementor-element elementor-element-c451f41 e-con-full e-flex e-con e-child\" data-id=\"c451f41\" data-element_type=\"container\" data-e-type=\"container\">\n\t\t\t\t<div class=\"elementor-element elementor-element-68f83dc elementor-widget elementor-widget-image\" data-id=\"68f83dc\" data-element_type=\"widget\" data-e-type=\"widget\" data-widget_type=\"image.default\">\n\t\t\t\t<div class=\"elementor-widget-container\">\n\t\t\t\t\t\t\t\t\t\t\t\t\t\t\t<img fetchpriority=\"high\" decoding=\"async\" width=\"500\" height=\"437\" src=\"https:\/\/tgrupcam.com\/wp-content\/uploads\/2025\/05\/csm_Chemical-Toughening-Ion-Exchange-Illustration_623dc1b8f8.png\" class=\"attachment-large size-large wp-image-3587\" alt=\"\" srcset=\"https:\/\/tgrupcam.com\/wp-content\/uploads\/2025\/05\/csm_Chemical-Toughening-Ion-Exchange-Illustration_623dc1b8f8.png 500w, https:\/\/tgrupcam.com\/wp-content\/uploads\/2025\/05\/csm_Chemical-Toughening-Ion-Exchange-Illustration_623dc1b8f8-300x262.png 300w\" sizes=\"(max-width: 500px) 100vw, 500px\" \/>\t\t\t\t\t\t\t\t\t\t\t\t\t\t\t<\/div>\n\t\t\t\t<\/div>\n\t\t\t\t<\/div>\n\t\t\t\t\t<\/div>\n\t\t\t\t<\/div>\n\t\t<div class=\"elementor-element elementor-element-2b0d3e2 e-flex e-con-boxed e-con e-parent\" data-id=\"2b0d3e2\" data-element_type=\"container\" data-e-type=\"container\" data-settings=\"{&quot;background_background&quot;:&quot;classic&quot;}\">\n\t\t\t\t\t<div class=\"e-con-inner\">\n\t\t\t\t<div class=\"elementor-element elementor-element-3145ea1 elementor-widget elementor-widget-heading\" data-id=\"3145ea1\" data-element_type=\"widget\" data-e-type=\"widget\" data-widget_type=\"heading.default\">\n\t\t\t\t<div class=\"elementor-widget-container\">\n\t\t\t\t\t<h2 class=\"elementor-heading-title elementor-size-default\">Waarom T Grup Cam?<\/h2>\t\t\t\t<\/div>\n\t\t\t\t<\/div>\n\t\t\t\t<div class=\"elementor-element elementor-element-5331489 elementor-widget elementor-widget-text-editor\" data-id=\"5331489\" data-element_type=\"widget\" data-e-type=\"widget\" data-widget_type=\"text-editor.default\">\n\t\t\t\t<div class=\"elementor-widget-container\">\n\t\t\t\t\t\t\t\t\t<p data-start=\"3301\" data-end=\"3629\">Met ons <strong data-start=\"3310\" data-end=\"3325\">deskundigenteam<\/strong>, geavanceerde interne technologie en toewijding aan internationale normen is <strong data-start=\"3400\" data-end=\"3414\">T Grup Cam<\/strong> uw vertrouwde partner in <strong data-start=\"3442\" data-end=\"3482\">oplossingen voor chemische versterking op maat<\/strong>. Wij bedienen klanten in <strong data-start=\"3508\" data-end=\"3555\">Turkije, Europa, het Verenigd Koninkrijk, de VS en Isra\u00ebl<\/strong> en bieden <strong data-start=\"3567\" data-end=\"3609\">precisie, betrouwbaarheid en innovatie<\/strong> bij elk project.<\/p>\n<p data-start=\"3631\" data-end=\"3931\" data-is-last-node=\"\" data-is-only-node=\"\">\ud83d\udce9 <strong data-start=\"3634\" data-end=\"3704\">Kijk voor meer informatie of vraag een offerte aan voor chemische verstevigingsdiensten:<\/strong><br data-start=\"3704\" data-end=\"3707\" \/>\ud83d\udcde +90 531 430 79 77 | +90 531 430 79 57 | +90 532 404 48 09<br data-start=\"3767\" data-end=\"3770\" \/>\ud83d\udccd <strong data-start=\"3773\" data-end=\"3784\">Turkije:<\/strong> Ak\u00e7aburgaz Mah. 1575. Sk. 4 Ca Blok No: 4ca \u0130\u00e7 Kap\u0131 No: 3 Esenyurt\/\u0130stanbul<br data-start=\"3860\" data-end=\"3863\" \/>\ud83d\udccd <strong data-start=\"3866\" data-end=\"3879\">Bulgarije:<\/strong> T Grup Cam Eood, Stoyan Zaimof 13, Haskovo\/BULGARIJE<\/p>\n\t\t\t\t\t\t\t\t<\/div>\n\t\t\t\t<\/div>\n\t\t\t\t\t<\/div>\n\t\t\t\t<\/div>\n\t\t\t\t<\/div>\n\t\t","protected":false},"excerpt":{"rendered":"<p>Chemische verharding Chemische verharding Bij T Grup Cam streven we ernaar om glas van uitzonderlijke kwaliteit te leveren dat voldoet aan de hoge verwachtingen van onze klanten in de architectuur-, automobiel-, maritieme en high-performance designindustrie. Onze chemische verhardingstechnologie biedt een hoogwaardige oplossing voor projecten die superieure optische helderheid, sterkte en betrouwbaarheid vereisen, die de mogelijkheden [&hellip;]<\/p>\n","protected":false},"author":1,"featured_media":0,"parent":0,"menu_order":0,"comment_status":"closed","ping_status":"closed","template":"elementor_header_footer","meta":{"footnotes":""},"class_list":["post-5286","page","type-page","status-publish","hentry"],"_links":{"self":[{"href":"https:\/\/tgrupcam.com\/index.php\/wp-json\/wp\/v2\/pages\/5286","targetHints":{"allow":["GET"]}}],"collection":[{"href":"https:\/\/tgrupcam.com\/index.php\/wp-json\/wp\/v2\/pages"}],"about":[{"href":"https:\/\/tgrupcam.com\/index.php\/wp-json\/wp\/v2\/types\/page"}],"author":[{"embeddable":true,"href":"https:\/\/tgrupcam.com\/index.php\/wp-json\/wp\/v2\/users\/1"}],"replies":[{"embeddable":true,"href":"https:\/\/tgrupcam.com\/index.php\/wp-json\/wp\/v2\/comments?post=5286"}],"version-history":[{"count":0,"href":"https:\/\/tgrupcam.com\/index.php\/wp-json\/wp\/v2\/pages\/5286\/revisions"}],"wp:attachment":[{"href":"https:\/\/tgrupcam.com\/index.php\/wp-json\/wp\/v2\/media?parent=5286"}],"curies":[{"name":"wp","href":"https:\/\/api.w.org\/{rel}","templated":true}]}}